{"id":480,"date":"2021-02-18T11:52:39","date_gmt":"2021-02-18T11:52:39","guid":{"rendered":"http:\/\/atlantic.waw.pl\/?page_id=480"},"modified":"2021-02-18T11:53:18","modified_gmt":"2021-02-18T11:53:18","slug":"o-firmie","status":"publish","type":"page","link":"https:\/\/atlantic.waw.pl\/","title":{"rendered":"O Firmie"},"content":{"rendered":"<p><strong>HISTORIA<\/strong><\/p>\n<p>Firma &#8222;ATLANTIC BUILDING&#8221; w obecnym profilu dzia\u0142a od roku 1993, czyli od momentu wprowadzenia na polski rynek p\u0142yty warstwowej z rdzeniem styropianowym.<br \/>\nLata te pozwoli\u0142y na na zdobycie du\u017cego do\u015bwiadczenia w monta\u017cu pawilon\u00f3w handlowych, magazyn\u00f3w, hal, pomieszcze\u0144 biurowych, salon\u00f3w wystawowych, myjni i warsztat\u00f3w samochodowych oraz innych obiekt\u00f3w wed\u0142ug indywidualnych zam\u00f3wie\u0144 inwestora.<\/p>\n<p><strong>FILOZOFIA<\/strong><\/p>\n<p>Podczas pracy nad projektami wykonywanymi przez firm\u0119 &#8222;ATLANTIC BUILDING&#8221; staramy si\u0119 bardzo dobrze pozna\u0107 potrzeby klienta aby m\u00f3c jak nalepiej spe\u0142ni\u0107 oczekiwania. Pomoc i doradztwo na etapie projektowania, terminowo\u015b\u0107 i solidno\u015b\u0107 na etapie realizacji to nasza filozofia dzia\u0142ania.<\/p>\n<p>W przypadku pyta\u0144 lub w\u0105tpliwo\u015bci nasz Dzia\u0142 Handlowy jest do Pa\u0144stwa dyspozycji:<br \/>\ntel.: <a href=\"tel:0601 32 81 32\">0601 32 81 32<\/a><br \/>\ne-mail: <a href=\"mailto:atlantic@atlantic.waw.pl\">atlantic@atlantic.waw.pl<\/a><\/p>\n","protected":false},"excerpt":{"rendered":"<p>HISTORIA Firma &#8222;ATLANTIC BUILDING&#8221; w obecnym profilu dzia\u0142a od roku 1993, czyli od momentu wprowadzenia na polski rynek p\u0142yty warstwowej z rdzeniem styropianowym. Lata te pozwoli\u0142y na na zdobycie du\u017cego do\u015bwiadczenia w monta\u017cu pawilon\u00f3w handlowych, magazyn\u00f3w, hal, pomieszcze\u0144 biurowych, salon\u00f3w wystawowych, myjni i warsztat\u00f3w samochodowych oraz innych obiekt\u00f3w wed\u0142ug indywidualnych zam\u00f3wie\u0144 inwestora. FILOZOFIA Podczas pracy [&hellip;]<\/p>\n","protected":false},"author":1,"featured_media":0,"parent":0,"menu_order":0,"comment_status":"closed","ping_status":"closed","template":"home.php","meta":{"ngg_post_thumbnail":0,"footnotes":""},"class_list":["post-480","page","type-page","status-publish","hentry"],"_links":{"self":[{"href":"https:\/\/atlantic.waw.pl\/index.php?rest_route=\/wp\/v2\/pages\/480","targetHints":{"allow":["GET"]}}],"collection":[{"href":"https:\/\/atlantic.waw.pl\/index.php?rest_route=\/wp\/v2\/pages"}],"about":[{"href":"https:\/\/atlantic.waw.pl\/index.php?rest_route=\/wp\/v2\/types\/page"}],"author":[{"embeddable":true,"href":"https:\/\/atlantic.waw.pl\/index.php?rest_route=\/wp\/v2\/users\/1"}],"replies":[{"embeddable":true,"href":"https:\/\/atlantic.waw.pl\/index.php?rest_route=%2Fwp%2Fv2%2Fcomments&post=480"}],"version-history":[{"count":1,"href":"https:\/\/atlantic.waw.pl\/index.php?rest_route=\/wp\/v2\/pages\/480\/revisions"}],"predecessor-version":[{"id":481,"href":"https:\/\/atlantic.waw.pl\/index.php?rest_route=\/wp\/v2\/pages\/480\/revisions\/481"}],"wp:attachment":[{"href":"https:\/\/atlantic.waw.pl\/index.php?rest_route=%2Fwp%2Fv2%2Fmedia&parent=480"}],"curies":[{"name":"wp","href":"https:\/\/api.w.org\/{rel}","templated":true}]}}